{"id":24,"date":"2023-06-20T21:17:00","date_gmt":"2023-06-20T21:17:00","guid":{"rendered":"https:\/\/alla-soler.uxegor.com\/?page_id=24"},"modified":"2024-07-17T13:26:40","modified_gmt":"2024-07-17T13:26:40","slug":"about","status":"publish","type":"page","link":"https:\/\/soler-aesthetic.eu\/de\/about\/","title":{"rendered":"U\u0308ber Uns"},"content":{"rendered":"<div data-elementor-type=\"wp-page\" data-elementor-id=\"24\" class=\"elementor elementor-24\" data-elementor-post-type=\"page\">\n\t\t\t\t\t\t<section class=\"elementor-section elementor-top-section elementor-element elementor-element-c62ad29 elementor-section-height-min-height elementor-section-boxed elementor-section-height-default elementor-section-items-middle\" data-id=\"c62ad29\" data-element_type=\"section\" data-settings=\"{&quot;background_background&quot;:&quot;classic&quot;}\">\n\t\t\t\t\t\t<div class=\"elementor-container elementor-column-gap-default\">\n\t\t\t\t\t<div class=\"elementor-column elementor-col-100 elementor-top-column elementor-element elementor-element-d35a666\" data-id=\"d35a666\" data-element_type=\"column\">\n\t\t\t<div class=\"elementor-widget-wrap elementor-element-populated\">\n\t\t\t\t\t\t<div class=\"elementor-element elementor-element-31b6fe4 elementor-widget elementor-widget-heading\" data-id=\"31b6fe4\" data-element_type=\"widget\" data-widget_type=\"heading.default\">\n\t\t\t\t<div class=\"elementor-widget-container\">\n\t\t\t\t\t<h2 class=\"elementor-heading-title elementor-size-default\">U\u0308ber Uns<\/h2>\t\t\t\t<\/div>\n\t\t\t\t<\/div>\n\t\t\t\t\t<\/div>\n\t\t<\/div>\n\t\t\t\t\t<\/div>\n\t\t<\/section>\n\t\t\t\t<section class=\"elementor-section elementor-top-section elementor-element elementor-element-bd094ea elementor-section-boxed elementor-section-height-default elementor-section-height-default\" data-id=\"bd094ea\" data-element_type=\"section\">\n\t\t\t\t\t\t<div class=\"elementor-container elementor-column-gap-default\">\n\t\t\t\t\t<div class=\"elementor-column elementor-col-100 elementor-top-column elementor-element elementor-element-33d63c9\" data-id=\"33d63c9\" data-element_type=\"column\">\n\t\t\t<div class=\"elementor-widget-wrap elementor-element-populated\">\n\t\t\t\t\t\t<div class=\"elementor-element elementor-element-aa7b623 elementor-widget elementor-widget-heading\" data-id=\"aa7b623\" data-element_type=\"widget\" data-widget_type=\"heading.default\">\n\t\t\t\t<div class=\"elementor-widget-container\">\n\t\t\t\t\t<h3 class=\"elementor-heading-title elementor-size-default\">Ein Spaziergang f\u00fcr die Seele durch die Welt der Sch\u00f6nheit und Entspannung\n<\/h3>\t\t\t\t<\/div>\n\t\t\t\t<\/div>\n\t\t\t\t<section class=\"elementor-section elementor-inner-section elementor-element elementor-element-dbce96a elementor-section-boxed elementor-section-height-default elementor-section-height-default\" data-id=\"dbce96a\" data-element_type=\"section\">\n\t\t\t\t\t\t<div class=\"elementor-container elementor-column-gap-default\">\n\t\t\t\t\t<div class=\"elementor-column elementor-col-33 elementor-inner-column elementor-element elementor-element-2b868d8\" data-id=\"2b868d8\" data-element_type=\"column\">\n\t\t\t<div class=\"elementor-widget-wrap\">\n\t\t\t\t\t\t\t<\/div>\n\t\t<\/div>\n\t\t\t\t<div class=\"elementor-column elementor-col-33 elementor-inner-column elementor-element elementor-element-ed8f823\" data-id=\"ed8f823\" data-element_type=\"column\">\n\t\t\t<div class=\"elementor-widget-wrap elementor-element-populated\">\n\t\t\t\t\t\t<div class=\"elementor-element elementor-element-951f0ea elementor-widget elementor-widget-text-editor\" data-id=\"951f0ea\" data-element_type=\"widget\" data-widget_type=\"text-editor.default\">\n\t\t\t\t<div class=\"elementor-widget-container\">\n\t\t\t\t\t\t\t\t\t<p class=\"p1\"><strong>Alla Soler Aesthetics &amp; Face Sculptor<\/strong> ist Ihre Adresse f\u00fcr erstklassigen Service in einem anspruchsvollen Ambiente. Ich biete Ihnen ma\u00dfgeschneiderte Behandlungen mit hochwertiger Kosmetik, modernen Behandlungsmethoden, speziellen Gesichtsmassagetechniken und High-Tech-Behandlungen in K\u00f6ln Bayenthal.<\/p><p class=\"p1\">Mit 18 Jahren Erfahrung als Spezialistin und Unternehmerin in der Kosmetikbranche recherchiere und trainiere ich st\u00e4ndig die neuesten Trends bei Anwendungsmethoden und Pr\u00e4paraten und entwickle meine eigenen Formeln und Protokolle. Bei mir sind Sie buchst\u00e4blich \"in den besten H\u00e4nden\".<span class=\"Apple-converted-space\">\u00a0<\/span><\/p><p class=\"p1\">Es gibt keine Behandlung ohne vorheriges Beratungsgespr\u00e4ch, bei dem die Kunden mit einem pers\u00f6nlichen Ansatz behandelt werden, der auf ihre Anspr\u00fcche und individuellen Bed\u00fcrfnisse zugeschnitten ist.<\/p><p class=\"p1\">Auf die Entspannung meiner Klienten lege ich gro\u00dfen Wert: sanftes Licht, Kerzen, angenehme Musik, Aroma-Therapie und maximaler Komfort erm\u00f6glicht es ihnen, von der Realit\u00e4t eine Auszeit zu nehmen<\/p><p class=\"p1\">Ich liebe es, Ihnen ein sch\u00f6nes und selbstbewusstes Aussehen zu verleihen und Sie zu verw\u00f6hnen.<\/p>\t\t\t\t\t\t\t\t<\/div>\n\t\t\t\t<\/div>\n\t\t\t\t\t<\/div>\n\t\t<\/div>\n\t\t\t\t<div class=\"elementor-column elementor-col-33 elementor-inner-column elementor-element elementor-element-73beae1\" data-id=\"73beae1\" data-element_type=\"column\">\n\t\t\t<div class=\"elementor-widget-wrap\">\n\t\t\t\t\t\t\t<\/div>\n\t\t<\/div>\n\t\t\t\t\t<\/div>\n\t\t<\/section>\n\t\t\t\t<section class=\"elementor-section elementor-inner-section elementor-element elementor-element-b79eabf elementor-section-boxed elementor-section-height-default elementor-section-height-default\" data-id=\"b79eabf\" data-element_type=\"section\">\n\t\t\t\t\t\t<div class=\"elementor-container elementor-column-gap-default\">\n\t\t\t\t\t<div class=\"elementor-column elementor-col-33 elementor-inner-column elementor-element elementor-element-618c92d\" data-id=\"618c92d\" data-element_type=\"column\">\n\t\t\t<div class=\"elementor-widget-wrap elementor-element-populated\">\n\t\t\t\t\t\t<div class=\"elementor-element elementor-element-4ea40f3 elementor-widget elementor-widget-image\" data-id=\"4ea40f3\" data-element_type=\"widget\" data-widget_type=\"image.default\">\n\t\t\t\t<div class=\"elementor-widget-container\">\n\t\t\t\t\t\t\t\t\t\t\t\t\t\t\t<img fetchpriority=\"high\" decoding=\"async\" width=\"333\" height=\"233\" src=\"https:\/\/soler-aesthetic.eu\/wp-content\/uploads\/2024\/06\/112.png\" class=\"attachment-large size-large wp-image-531\" alt=\"\" srcset=\"https:\/\/soler-aesthetic.eu\/wp-content\/uploads\/2024\/06\/112.png 333w, https:\/\/soler-aesthetic.eu\/wp-content\/uploads\/2024\/06\/112-300x210.png 300w, https:\/\/soler-aesthetic.eu\/wp-content\/uploads\/2024\/06\/112-18x12.png 18w\" sizes=\"(max-width: 333px) 100vw, 333px\" \/>\t\t\t\t\t\t\t\t\t\t\t\t\t\t\t<\/div>\n\t\t\t\t<\/div>\n\t\t\t\t\t<\/div>\n\t\t<\/div>\n\t\t\t\t<div class=\"elementor-column elementor-col-33 elementor-inner-column elementor-element elementor-element-2490081\" data-id=\"2490081\" data-element_type=\"column\">\n\t\t\t<div class=\"elementor-widget-wrap elementor-element-populated\">\n\t\t\t\t\t\t<div class=\"elementor-element elementor-element-e86be10 elementor-widget elementor-widget-image\" data-id=\"e86be10\" data-element_type=\"widget\" data-widget_type=\"image.default\">\n\t\t\t\t<div class=\"elementor-widget-container\">\n\t\t\t\t\t\t\t\t\t\t\t\t\t\t\t<img decoding=\"async\" width=\"333\" height=\"233\" src=\"https:\/\/soler-aesthetic.eu\/wp-content\/uploads\/2024\/06\/113.png\" class=\"attachment-large size-large wp-image-530\" alt=\"\" srcset=\"https:\/\/soler-aesthetic.eu\/wp-content\/uploads\/2024\/06\/113.png 333w, https:\/\/soler-aesthetic.eu\/wp-content\/uploads\/2024\/06\/113-300x210.png 300w, https:\/\/soler-aesthetic.eu\/wp-content\/uploads\/2024\/06\/113-18x12.png 18w\" sizes=\"(max-width: 333px) 100vw, 333px\" \/>\t\t\t\t\t\t\t\t\t\t\t\t\t\t\t<\/div>\n\t\t\t\t<\/div>\n\t\t\t\t\t<\/div>\n\t\t<\/div>\n\t\t\t\t<div class=\"elementor-column elementor-col-33 elementor-inner-column elementor-element elementor-element-57a7373\" data-id=\"57a7373\" data-element_type=\"column\">\n\t\t\t<div class=\"elementor-widget-wrap elementor-element-populated\">\n\t\t\t\t\t\t<div class=\"elementor-element elementor-element-b097741 elementor-widget elementor-widget-image\" data-id=\"b097741\" data-element_type=\"widget\" data-widget_type=\"image.default\">\n\t\t\t\t<div class=\"elementor-widget-container\">\n\t\t\t\t\t\t\t\t\t\t\t\t\t\t\t<img decoding=\"async\" width=\"333\" height=\"233\" src=\"https:\/\/soler-aesthetic.eu\/wp-content\/uploads\/2024\/06\/114.png\" class=\"attachment-large size-large wp-image-529\" alt=\"\" srcset=\"https:\/\/soler-aesthetic.eu\/wp-content\/uploads\/2024\/06\/114.png 333w, https:\/\/soler-aesthetic.eu\/wp-content\/uploads\/2024\/06\/114-300x210.png 300w, https:\/\/soler-aesthetic.eu\/wp-content\/uploads\/2024\/06\/114-18x12.png 18w\" sizes=\"(max-width: 333px) 100vw, 333px\" \/>\t\t\t\t\t\t\t\t\t\t\t\t\t\t\t<\/div>\n\t\t\t\t<\/div>\n\t\t\t\t\t<\/div>\n\t\t<\/div>\n\t\t\t\t\t<\/div>\n\t\t<\/section>\n\t\t\t\t\t<\/div>\n\t\t<\/div>\n\t\t\t\t\t<\/div>\n\t\t<\/section>\n\t\t\t\t<section class=\"elementor-section elementor-top-section elementor-element elementor-element-df4c22a elementor-section-boxed elementor-section-height-default elementor-section-height-default\" data-id=\"df4c22a\" data-element_type=\"section\">\n\t\t\t\t\t\t<div class=\"elementor-container elementor-column-gap-default\">\n\t\t\t\t\t<div class=\"elementor-column elementor-col-100 elementor-top-column elementor-element elementor-element-30e6817\" data-id=\"30e6817\" data-element_type=\"column\">\n\t\t\t<div class=\"elementor-widget-wrap elementor-element-populated\">\n\t\t\t\t\t\t<div class=\"elementor-element elementor-element-d734027 elementor-widget elementor-widget-heading\" data-id=\"d734027\" data-element_type=\"widget\" data-widget_type=\"heading.default\">\n\t\t\t\t<div class=\"elementor-widget-container\">\n\t\t\t\t\t<h2 class=\"elementor-heading-title elementor-size-default\">Frage hinzuf\u00fcgen<\/h2>\t\t\t\t<\/div>\n\t\t\t\t<\/div>\n\t\t\t\t<div class=\"elementor-element elementor-element-96ce3ae elementor-widget elementor-widget-text-editor\" data-id=\"96ce3ae\" data-element_type=\"widget\" data-widget_type=\"text-editor.default\">\n\t\t\t\t<div class=\"elementor-widget-container\">\n\t\t\t\t\t\t\t\t\t<p>F\u00fcllen Sie alle Felder unten mit Ihren Daten aus. <br \/>Unser Manager wird Sie so schnell wie m\u00f6glich kontaktieren<\/p>\t\t\t\t\t\t\t\t<\/div>\n\t\t\t\t<\/div>\n\t\t\t\t<section class=\"elementor-section elementor-inner-section elementor-element elementor-element-9b8011b elementor-section-boxed elementor-section-height-default elementor-section-height-default\" data-id=\"9b8011b\" data-element_type=\"section\">\n\t\t\t\t\t\t<div class=\"elementor-container elementor-column-gap-default\">\n\t\t\t\t\t<div class=\"elementor-column elementor-col-50 elementor-inner-column elementor-element elementor-element-fe9d99e\" data-id=\"fe9d99e\" data-element_type=\"column\">\n\t\t\t<div class=\"elementor-widget-wrap elementor-element-populated\">\n\t\t\t\t\t\t<div class=\"elementor-element elementor-element-28b70c9 elementor-button-align-center elementor-widget elementor-widget-form\" data-id=\"28b70c9\" data-element_type=\"widget\" data-settings=\"{&quot;step_next_label&quot;:&quot;Next&quot;,&quot;step_previous_label&quot;:&quot;Previous&quot;,&quot;button_width&quot;:&quot;100&quot;,&quot;step_type&quot;:&quot;number_text&quot;,&quot;step_icon_shape&quot;:&quot;circle&quot;}\" data-widget_type=\"form.default\">\n\t\t\t\t<div class=\"elementor-widget-container\">\n\t\t\t\t\t\t\t<form class=\"elementor-form\" method=\"post\" name=\"Contact Form - Book Now\" action=\"\">\n\t\t\t<input type=\"hidden\" name=\"post_id\" value=\"24\"\/>\n\t\t\t<input type=\"hidden\" name=\"form_id\" value=\"28b70c9\"\/>\n\t\t\t<input type=\"hidden\" name=\"referer_title\" value=\"Alla Soler Aesthetics &amp; Face Sculptor\" \/>\n\n\t\t\t\n\t\t\t<div class=\"elementor-form-fields-wrapper elementor-labels-\">\n\t\t\t\t\t\t\t\t<div class=\"elementor-field-type-text elementor-field-group elementor-column elementor-field-group-name elementor-col-100\">\n\t\t\t\t\t\t\t\t\t\t\t\t<label for=\"form-field-name\" class=\"elementor-field-label elementor-screen-only\">\n\t\t\t\t\t\t\t\tName\t\t\t\t\t\t\t<\/label>\n\t\t\t\t\t\t\t\t\t\t\t\t\t\t<input size=\"1\" type=\"text\" name=\"form_fields[name]\" id=\"form-field-name\" class=\"elementor-field elementor-size-sm  elementor-field-textual\" placeholder=\"Name\">\n\t\t\t\t\t\t\t\t\t\t\t<\/div>\n\t\t\t\t\t\t\t\t<div class=\"elementor-field-type-email elementor-field-group elementor-column elementor-field-group-email elementor-col-100 elementor-field-required\">\n\t\t\t\t\t\t\t\t\t\t\t\t<label for=\"form-field-email\" class=\"elementor-field-label elementor-screen-only\">\n\t\t\t\t\t\t\t\tEmail\t\t\t\t\t\t\t<\/label>\n\t\t\t\t\t\t\t\t\t\t\t\t\t\t<input size=\"1\" type=\"email\" name=\"form_fields[email]\" id=\"form-field-email\" class=\"elementor-field elementor-size-sm  elementor-field-textual\" placeholder=\"Email\" required=\"required\" aria-required=\"true\">\n\t\t\t\t\t\t\t\t\t\t\t<\/div>\n\t\t\t\t\t\t\t\t<div class=\"elementor-field-type-tel elementor-field-group elementor-column elementor-field-group-field_891bdf0 elementor-col-100\">\n\t\t\t\t\t\t\t<input size=\"1\" type=\"tel\" name=\"form_fields[field_891bdf0]\" id=\"form-field-field_891bdf0\" class=\"elementor-field elementor-size-sm  elementor-field-textual\" placeholder=\"Telefon\" pattern=\"[0-9()#&amp;+*-=.]+\" title=\"Only numbers and phone characters (#, -, *, etc) are accepted.\">\n\n\t\t\t\t\t\t<\/div>\n\t\t\t\t\t\t\t\t<div class=\"elementor-field-type-textarea elementor-field-group elementor-column elementor-field-group-message elementor-col-100\">\n\t\t\t\t\t\t\t\t\t\t\t\t<label for=\"form-field-message\" class=\"elementor-field-label elementor-screen-only\">\n\t\t\t\t\t\t\t\tNachricht\t\t\t\t\t\t\t<\/label>\n\t\t\t\t\t\t<textarea class=\"elementor-field-textual elementor-field  elementor-size-sm\" name=\"form_fields[message]\" id=\"form-field-message\" rows=\"4\" placeholder=\"Nachricht\"><\/textarea>\t\t\t\t<\/div>\n\t\t\t\t\t\t\t\t<div class=\"elementor-field-type-text\">\n\t\t\t\t\t<input size=\"1\" type=\"text\" name=\"form_fields[field_a9e67f5]\" id=\"form-field-field_a9e67f5\" class=\"elementor-field elementor-size-sm\" style=\"display:none !important;\">\t\t\t\t<\/div>\n\t\t\t\t\t\t\t\t<div class=\"elementor-field-group elementor-column elementor-field-type-submit elementor-col-100 e-form__buttons\">\n\t\t\t\t\t<button type=\"submit\" class=\"elementor-button elementor-size-sm\">\n\t\t\t\t\t\t<span >\n\t\t\t\t\t\t\t\t\t\t\t\t\t\t\t<span class=\"elementor-button-icon\">\n\t\t\t\t\t\t\t\t\t\t\t\t\t\t\t\t\t\t\t\t\t\t\t\t\t\t<\/span>\n\t\t\t\t\t\t\t\t\t\t\t\t\t\t\t\t\t\t\t\t\t\t<span class=\"elementor-button-text\">Schicken<\/span>\n\t\t\t\t\t\t\t\t\t\t\t\t\t<\/span>\n\t\t\t\t\t<\/button>\n\t\t\t\t<\/div>\n\t\t\t<\/div>\n\t\t<input type=\"hidden\" name=\"trp-form-language\" value=\"de\"\/><\/form>\n\t\t\t\t\t\t<\/div>\n\t\t\t\t<\/div>\n\t\t\t\t\t<\/div>\n\t\t<\/div>\n\t\t\t\t<div class=\"elementor-column elementor-col-50 elementor-inner-column elementor-element elementor-element-7ea1055\" data-id=\"7ea1055\" data-element_type=\"column\" data-settings=\"{&quot;background_background&quot;:&quot;slideshow&quot;,&quot;background_slideshow_gallery&quot;:[{&quot;id&quot;:831,&quot;url&quot;:&quot;https:\\\/\\\/soler-aesthetic.eu\\\/wp-content\\\/uploads\\\/2024\\\/06\\\/IMG_0081-2.jpg&quot;}],&quot;background_slideshow_loop&quot;:&quot;yes&quot;,&quot;background_slideshow_slide_duration&quot;:5000,&quot;background_slideshow_slide_transition&quot;:&quot;fade&quot;,&quot;background_slideshow_transition_duration&quot;:500}\">\n\t\t\t<div class=\"elementor-widget-wrap elementor-element-populated\">\n\t\t\t\t\t\t<div class=\"elementor-element elementor-element-16e9b88 elementor-widget elementor-widget-spacer\" data-id=\"16e9b88\" data-element_type=\"widget\" data-widget_type=\"spacer.default\">\n\t\t\t\t<div class=\"elementor-widget-container\">\n\t\t\t\t\t\t\t<div class=\"elementor-spacer\">\n\t\t\t<div class=\"elementor-spacer-inner\"><\/div>\n\t\t<\/div>\n\t\t\t\t\t\t<\/div>\n\t\t\t\t<\/div>\n\t\t\t\t\t<\/div>\n\t\t<\/div>\n\t\t\t\t\t<\/div>\n\t\t<\/section>\n\t\t\t\t\t<\/div>\n\t\t<\/div>\n\t\t\t\t\t<\/div>\n\t\t<\/section>\n\t\t\t\t<\/div>","protected":false},"excerpt":{"rendered":"<p>About Us A walk for the soul through the world of beauty and relaxation Alla Soler Aesthetics &amp; Face Sculptor is your address for first-class service in a sophisticated ambience. I offer customized treatments with high-quality cosmetics, modern treatment methods, special facial massage techniques and high-tech treatments in Cologne Bayenthal. With 18 years of experience [&hellip;]<\/p>","protected":false},"author":1,"featured_media":0,"parent":0,"menu_order":0,"comment_status":"closed","ping_status":"closed","template":"","meta":{"footnotes":""},"class_list":["post-24","page","type-page","status-publish","hentry"],"yoast_head":"<!-- This site is optimized with the Yoast SEO plugin v26.4 - https:\/\/yoast.com\/wordpress\/plugins\/seo\/ -->\n<title>About - Alla Soler Aesthetics &amp; Face Sculptor<\/title>\n<meta name=\"robots\" content=\"index, follow, max-snippet:-1, max-image-preview:large, max-video-preview:-1\" \/>\n<link rel=\"canonical\" href=\"https:\/\/soler-aesthetic.eu\/de\/about\/\" \/>\n<meta property=\"og:locale\" content=\"de_DE\" \/>\n<meta property=\"og:type\" content=\"article\" \/>\n<meta property=\"og:title\" content=\"About - Alla Soler Aesthetics &amp; Face Sculptor\" \/>\n<meta property=\"og:description\" content=\"About Us A walk for the soul through the world of beauty and relaxation Alla Soler Aesthetics &amp; Face Sculptor is your address for first-class service in a sophisticated ambience. I offer customized treatments with high-quality cosmetics, modern treatment methods, special facial massage techniques and high-tech treatments in Cologne Bayenthal. With 18 years of experience [&hellip;]\" \/>\n<meta property=\"og:url\" content=\"https:\/\/soler-aesthetic.eu\/de\/about\/\" \/>\n<meta property=\"og:site_name\" content=\"Alla Soler Aesthetics &amp; Face Sculptor\" \/>\n<meta property=\"article:modified_time\" content=\"2024-07-17T13:26:40+00:00\" \/>\n<meta property=\"og:image\" content=\"https:\/\/soler-aesthetic.eu\/wp-content\/uploads\/2024\/06\/112.png\" \/>\n<meta name=\"twitter:card\" content=\"summary_large_image\" \/>\n<meta name=\"twitter:label1\" content=\"Gesch\u00e4tzte Lesezeit\" \/>\n\t<meta name=\"twitter:data1\" content=\"2\u00a0Minuten\" \/>\n<script type=\"application\/ld+json\" class=\"yoast-schema-graph\">{\"@context\":\"https:\/\/schema.org\",\"@graph\":[{\"@type\":\"WebPage\",\"@id\":\"https:\/\/soler-aesthetic.eu\/about\/\",\"url\":\"https:\/\/soler-aesthetic.eu\/about\/\",\"name\":\"About - Alla Soler Aesthetics &amp; Face Sculptor\",\"isPartOf\":{\"@id\":\"https:\/\/soler-aesthetic.eu\/#website\"},\"primaryImageOfPage\":{\"@id\":\"https:\/\/soler-aesthetic.eu\/about\/#primaryimage\"},\"image\":{\"@id\":\"https:\/\/soler-aesthetic.eu\/about\/#primaryimage\"},\"thumbnailUrl\":\"https:\/\/soler-aesthetic.eu\/wp-content\/uploads\/2024\/06\/112.png\",\"datePublished\":\"2023-06-20T21:17:00+00:00\",\"dateModified\":\"2024-07-17T13:26:40+00:00\",\"breadcrumb\":{\"@id\":\"https:\/\/soler-aesthetic.eu\/about\/#breadcrumb\"},\"inLanguage\":\"de\",\"potentialAction\":[{\"@type\":\"ReadAction\",\"target\":[\"https:\/\/soler-aesthetic.eu\/about\/\"]}]},{\"@type\":\"ImageObject\",\"inLanguage\":\"de\",\"@id\":\"https:\/\/soler-aesthetic.eu\/about\/#primaryimage\",\"url\":\"https:\/\/soler-aesthetic.eu\/wp-content\/uploads\/2024\/06\/112.png\",\"contentUrl\":\"https:\/\/soler-aesthetic.eu\/wp-content\/uploads\/2024\/06\/112.png\"},{\"@type\":\"BreadcrumbList\",\"@id\":\"https:\/\/soler-aesthetic.eu\/about\/#breadcrumb\",\"itemListElement\":[{\"@type\":\"ListItem\",\"position\":1,\"name\":\"Home\",\"item\":\"https:\/\/soler-aesthetic.eu\/\"},{\"@type\":\"ListItem\",\"position\":2,\"name\":\"About\"}]},{\"@type\":\"WebSite\",\"@id\":\"https:\/\/soler-aesthetic.eu\/#website\",\"url\":\"https:\/\/soler-aesthetic.eu\/\",\"name\":\"Alla Soler Aesthetics &amp; Face Sculptor\",\"description\":\"Tailor-made treatments with high-quality cosmetics, modern treatment methods, special facial massage techniques and high-tech treatments\",\"publisher\":{\"@id\":\"https:\/\/soler-aesthetic.eu\/#organization\"},\"potentialAction\":[{\"@type\":\"SearchAction\",\"target\":{\"@type\":\"EntryPoint\",\"urlTemplate\":\"https:\/\/soler-aesthetic.eu\/?s={search_term_string}\"},\"query-input\":{\"@type\":\"PropertyValueSpecification\",\"valueRequired\":true,\"valueName\":\"search_term_string\"}}],\"inLanguage\":\"de\"},{\"@type\":\"Organization\",\"@id\":\"https:\/\/soler-aesthetic.eu\/#organization\",\"name\":\"Alla Soler Aesthetics &amp; Face Sculptor\",\"url\":\"https:\/\/soler-aesthetic.eu\/\",\"logo\":{\"@type\":\"ImageObject\",\"inLanguage\":\"de\",\"@id\":\"https:\/\/soler-aesthetic.eu\/#\/schema\/logo\/image\/\",\"url\":\"https:\/\/soler-aesthetic.eu\/wp-content\/uploads\/2023\/06\/Group-8.png\",\"contentUrl\":\"https:\/\/soler-aesthetic.eu\/wp-content\/uploads\/2023\/06\/Group-8.png\",\"width\":1020,\"height\":373,\"caption\":\"Alla Soler Aesthetics &amp; Face Sculptor\"},\"image\":{\"@id\":\"https:\/\/soler-aesthetic.eu\/#\/schema\/logo\/image\/\"}}]}<\/script>\n<!-- \/ Yoast SEO plugin. -->","yoast_head_json":{"title":"About - Alla Soler Aesthetics &amp; Face Sculptor","robots":{"index":"index","follow":"follow","max-snippet":"max-snippet:-1","max-image-preview":"max-image-preview:large","max-video-preview":"max-video-preview:-1"},"canonical":"https:\/\/soler-aesthetic.eu\/de\/about\/","og_locale":"de_DE","og_type":"article","og_title":"About - Alla Soler Aesthetics &amp; Face Sculptor","og_description":"About Us A walk for the soul through the world of beauty and relaxation Alla Soler Aesthetics &amp; Face Sculptor is your address for first-class service in a sophisticated ambience. I offer customized treatments with high-quality cosmetics, modern treatment methods, special facial massage techniques and high-tech treatments in Cologne Bayenthal. With 18 years of experience [&hellip;]","og_url":"https:\/\/soler-aesthetic.eu\/de\/about\/","og_site_name":"Alla Soler Aesthetics &amp; Face Sculptor","article_modified_time":"2024-07-17T13:26:40+00:00","og_image":[{"url":"https:\/\/soler-aesthetic.eu\/wp-content\/uploads\/2024\/06\/112.png","type":"","width":"","height":""}],"twitter_card":"summary_large_image","twitter_misc":{"Gesch\u00e4tzte Lesezeit":"2\u00a0Minuten"},"schema":{"@context":"https:\/\/schema.org","@graph":[{"@type":"WebPage","@id":"https:\/\/soler-aesthetic.eu\/about\/","url":"https:\/\/soler-aesthetic.eu\/about\/","name":"About - Alla Soler Aesthetics &amp; Face Sculptor","isPartOf":{"@id":"https:\/\/soler-aesthetic.eu\/#website"},"primaryImageOfPage":{"@id":"https:\/\/soler-aesthetic.eu\/about\/#primaryimage"},"image":{"@id":"https:\/\/soler-aesthetic.eu\/about\/#primaryimage"},"thumbnailUrl":"https:\/\/soler-aesthetic.eu\/wp-content\/uploads\/2024\/06\/112.png","datePublished":"2023-06-20T21:17:00+00:00","dateModified":"2024-07-17T13:26:40+00:00","breadcrumb":{"@id":"https:\/\/soler-aesthetic.eu\/about\/#breadcrumb"},"inLanguage":"de","potentialAction":[{"@type":"ReadAction","target":["https:\/\/soler-aesthetic.eu\/about\/"]}]},{"@type":"ImageObject","inLanguage":"de","@id":"https:\/\/soler-aesthetic.eu\/about\/#primaryimage","url":"https:\/\/soler-aesthetic.eu\/wp-content\/uploads\/2024\/06\/112.png","contentUrl":"https:\/\/soler-aesthetic.eu\/wp-content\/uploads\/2024\/06\/112.png"},{"@type":"BreadcrumbList","@id":"https:\/\/soler-aesthetic.eu\/about\/#breadcrumb","itemListElement":[{"@type":"ListItem","position":1,"name":"Home","item":"https:\/\/soler-aesthetic.eu\/"},{"@type":"ListItem","position":2,"name":"About"}]},{"@type":"WebSite","@id":"https:\/\/soler-aesthetic.eu\/#website","url":"https:\/\/soler-aesthetic.eu\/","name":"Alla Soler Aesthetics &amp; Face Sculptor","description":"Ma\u00dfgeschneiderte Behandlungen mit hochwertiger Kosmetik, modernen Behandlungsmethoden, speziellen Gesichtsmassagetechniken und High-Tech-Behandlungen","publisher":{"@id":"https:\/\/soler-aesthetic.eu\/#organization"},"potentialAction":[{"@type":"SearchAction","target":{"@type":"EntryPoint","urlTemplate":"https:\/\/soler-aesthetic.eu\/?s={search_term_string}"},"query-input":{"@type":"PropertyValueSpecification","valueRequired":true,"valueName":"search_term_string"}}],"inLanguage":"de"},{"@type":"Organization","@id":"https:\/\/soler-aesthetic.eu\/#organization","name":"Alla Soler Aesthetics &amp; Face Sculptor","url":"https:\/\/soler-aesthetic.eu\/","logo":{"@type":"ImageObject","inLanguage":"de","@id":"https:\/\/soler-aesthetic.eu\/#\/schema\/logo\/image\/","url":"https:\/\/soler-aesthetic.eu\/wp-content\/uploads\/2023\/06\/Group-8.png","contentUrl":"https:\/\/soler-aesthetic.eu\/wp-content\/uploads\/2023\/06\/Group-8.png","width":1020,"height":373,"caption":"Alla Soler Aesthetics &amp; Face Sculptor"},"image":{"@id":"https:\/\/soler-aesthetic.eu\/#\/schema\/logo\/image\/"}}]}},"_links":{"self":[{"href":"https:\/\/soler-aesthetic.eu\/de\/wp-json\/wp\/v2\/pages\/24","targetHints":{"allow":["GET"]}}],"collection":[{"href":"https:\/\/soler-aesthetic.eu\/de\/wp-json\/wp\/v2\/pages"}],"about":[{"href":"https:\/\/soler-aesthetic.eu\/de\/wp-json\/wp\/v2\/types\/page"}],"author":[{"embeddable":true,"href":"https:\/\/soler-aesthetic.eu\/de\/wp-json\/wp\/v2\/users\/1"}],"replies":[{"embeddable":true,"href":"https:\/\/soler-aesthetic.eu\/de\/wp-json\/wp\/v2\/comments?post=24"}],"version-history":[{"count":37,"href":"https:\/\/soler-aesthetic.eu\/de\/wp-json\/wp\/v2\/pages\/24\/revisions"}],"predecessor-version":[{"id":1213,"href":"https:\/\/soler-aesthetic.eu\/de\/wp-json\/wp\/v2\/pages\/24\/revisions\/1213"}],"wp:attachment":[{"href":"https:\/\/soler-aesthetic.eu\/de\/wp-json\/wp\/v2\/media?parent=24"}],"curies":[{"name":"wp","href":"https:\/\/api.w.org\/{rel}","templated":true}]}}