{"id":32,"date":"2023-06-20T21:18:00","date_gmt":"2023-06-20T21:18:00","guid":{"rendered":"https:\/\/alla-soler.uxegor.com\/?page_id=32"},"modified":"2024-07-17T13:20:03","modified_gmt":"2024-07-17T13:20:03","slug":"gift-certificates","status":"publish","type":"page","link":"https:\/\/soler-aesthetic.eu\/de\/gift-certificates\/","title":{"rendered":"Gutschein"},"content":{"rendered":"<div data-elementor-type=\"wp-page\" data-elementor-id=\"32\" class=\"elementor elementor-32\" data-elementor-post-type=\"page\">\n\t\t\t\t\t\t<section class=\"elementor-section elementor-top-section elementor-element elementor-element-8e2bc75 elementor-section-height-min-height elementor-section-boxed elementor-section-height-default elementor-section-items-middle\" data-id=\"8e2bc75\" data-element_type=\"section\" data-settings=\"{&quot;background_background&quot;:&quot;classic&quot;}\">\n\t\t\t\t\t\t<div class=\"elementor-container elementor-column-gap-default\">\n\t\t\t\t\t<div class=\"elementor-column elementor-col-100 elementor-top-column elementor-element elementor-element-4a8d954\" data-id=\"4a8d954\" data-element_type=\"column\">\n\t\t\t<div class=\"elementor-widget-wrap\">\n\t\t\t\t\t\t\t<\/div>\n\t\t<\/div>\n\t\t\t\t\t<\/div>\n\t\t<\/section>\n\t\t\t\t<section class=\"elementor-section elementor-top-section elementor-element elementor-element-e2026f0 elementor-section-boxed elementor-section-height-default elementor-section-height-default\" data-id=\"e2026f0\" data-element_type=\"section\">\n\t\t\t\t\t\t<div class=\"elementor-container elementor-column-gap-default\">\n\t\t\t\t\t<div class=\"elementor-column elementor-col-100 elementor-top-column elementor-element elementor-element-322a0a2\" data-id=\"322a0a2\" data-element_type=\"column\">\n\t\t\t<div class=\"elementor-widget-wrap elementor-element-populated\">\n\t\t\t\t\t\t<section class=\"elementor-section elementor-inner-section elementor-element elementor-element-d497b00 elementor-section-boxed elementor-section-height-default elementor-section-height-default\" data-id=\"d497b00\" data-element_type=\"section\">\n\t\t\t\t\t\t<div class=\"elementor-container elementor-column-gap-default\">\n\t\t\t\t\t<div class=\"elementor-column elementor-col-100 elementor-inner-column elementor-element elementor-element-bcb466b\" data-id=\"bcb466b\" data-element_type=\"column\">\n\t\t\t<div class=\"elementor-widget-wrap elementor-element-populated\">\n\t\t\t\t\t\t<div class=\"elementor-element elementor-element-50209c7 elementor-widget elementor-widget-text-editor\" data-id=\"50209c7\" data-element_type=\"widget\" data-widget_type=\"text-editor.default\">\n\t\t\t\t<div class=\"elementor-widget-container\">\n\t\t\t\t\t\t\t\t\t<p class=\"p1\"><strong>Ein exklusives, einpr\u00e4gsames und originelles Geschenk<\/strong><\/p>\t\t\t\t\t\t\t\t<\/div>\n\t\t\t\t<\/div>\n\t\t\t\t\t<\/div>\n\t\t<\/div>\n\t\t\t\t\t<\/div>\n\t\t<\/section>\n\t\t\t\t<section class=\"elementor-section elementor-inner-section elementor-element elementor-element-a9c6e88 elementor-section-boxed elementor-section-height-default elementor-section-height-default\" data-id=\"a9c6e88\" data-element_type=\"section\">\n\t\t\t\t\t\t<div class=\"elementor-container elementor-column-gap-default\">\n\t\t\t\t\t<div class=\"elementor-column elementor-col-100 elementor-inner-column elementor-element elementor-element-6bf0872\" data-id=\"6bf0872\" data-element_type=\"column\">\n\t\t\t<div class=\"elementor-widget-wrap elementor-element-populated\">\n\t\t\t\t\t\t<div class=\"elementor-element elementor-element-821b5e8 elementor-widget elementor-widget-text-editor\" data-id=\"821b5e8\" data-element_type=\"widget\" data-widget_type=\"text-editor.default\">\n\t\t\t\t<div class=\"elementor-widget-container\">\n\t\t\t\t\t\t\t\t\t<p class=\"p1\">Schenken Sie Ihren geliebten Familienmitgliedern, Freunden oder Arbeitskollegen eine Reise in einen Traum<span class=\"Apple-converted-space\">\u00a0<\/span><\/p><p class=\"p1\">Es gibt immer einen Grund, Ihren Lieben einzigartige und abwechslungsreiche Gesichtsmassagen zu schenken, auf Wunsch kombiniert mit kosmetischen Behandlungen.<\/p><p class=\"p1\">Sie erhalten die Gutscheine in einem eleganten Geschenkumschlag bei mir im Studio oder per Post.<\/p><p class=\"p1\">Sie k\u00f6nnen einen beliebigen \u20ac-Betrag angeben oder eine ausgew\u00e4hlte Behandlung verschenken.<\/p>\t\t\t\t\t\t\t\t<\/div>\n\t\t\t\t<\/div>\n\t\t\t\t\t<\/div>\n\t\t<\/div>\n\t\t\t\t\t<\/div>\n\t\t<\/section>\n\t\t\t\t\t<\/div>\n\t\t<\/div>\n\t\t\t\t\t<\/div>\n\t\t<\/section>\n\t\t\t\t<section class=\"elementor-section elementor-top-section elementor-element elementor-element-e164d5c elementor-section-boxed elementor-section-height-default elementor-section-height-default\" data-id=\"e164d5c\" data-element_type=\"section\">\n\t\t\t\t\t\t<div class=\"elementor-container elementor-column-gap-default\">\n\t\t\t\t\t<div class=\"elementor-column elementor-col-100 elementor-top-column elementor-element elementor-element-8abc2dc\" data-id=\"8abc2dc\" data-element_type=\"column\">\n\t\t\t<div class=\"elementor-widget-wrap elementor-element-populated\">\n\t\t\t\t\t\t<section class=\"elementor-section elementor-inner-section elementor-element elementor-element-93d4f1f elementor-section-boxed elementor-section-height-default elementor-section-height-default\" data-id=\"93d4f1f\" data-element_type=\"section\">\n\t\t\t\t\t\t<div class=\"elementor-container elementor-column-gap-default\">\n\t\t\t\t\t<div class=\"elementor-column elementor-col-100 elementor-inner-column elementor-element elementor-element-c77843b\" data-id=\"c77843b\" data-element_type=\"column\">\n\t\t\t<div class=\"elementor-widget-wrap elementor-element-populated\">\n\t\t\t\t\t\t<div class=\"elementor-element elementor-element-9cc5759 elementor-widget elementor-widget-text-editor\" data-id=\"9cc5759\" data-element_type=\"widget\" data-widget_type=\"text-editor.default\">\n\t\t\t\t<div class=\"elementor-widget-container\">\n\t\t\t\t\t\t\t\t\t<p class=\"p1\"><em>Zur Bestellung oder f\u00fcr weitere Informationen zu Geschenkgutscheinen kontaktieren Sie mich bitte schriftlich per <\/em><em><strong>SMS, WhatsApp oder per E-Mail an <span style=\"text-decoration: underline\">allasoler@psoler.eu<\/span><\/strong><\/em><\/p>\t\t\t\t\t\t\t\t<\/div>\n\t\t\t\t<\/div>\n\t\t\t\t\t<\/div>\n\t\t<\/div>\n\t\t\t\t\t<\/div>\n\t\t<\/section>\n\t\t\t\t\t<\/div>\n\t\t<\/div>\n\t\t\t\t\t<\/div>\n\t\t<\/section>\n\t\t\t\t<section class=\"elementor-section elementor-top-section elementor-element elementor-element-541d143 elementor-section-boxed elementor-section-height-default elementor-section-height-default\" data-id=\"541d143\" data-element_type=\"section\">\n\t\t\t\t\t\t<div class=\"elementor-container elementor-column-gap-default\">\n\t\t\t\t\t<div class=\"elementor-column elementor-col-100 elementor-top-column elementor-element elementor-element-edc33b5\" data-id=\"edc33b5\" data-element_type=\"column\">\n\t\t\t<div class=\"elementor-widget-wrap elementor-element-populated\">\n\t\t\t\t\t\t<section class=\"elementor-section elementor-inner-section elementor-element elementor-element-1230b35 elementor-section-boxed elementor-section-height-default elementor-section-height-default\" data-id=\"1230b35\" data-element_type=\"section\">\n\t\t\t\t\t\t<div class=\"elementor-container elementor-column-gap-default\">\n\t\t\t\t\t<div class=\"elementor-column elementor-col-100 elementor-inner-column elementor-element elementor-element-327c379\" data-id=\"327c379\" data-element_type=\"column\">\n\t\t\t<div class=\"elementor-widget-wrap elementor-element-populated\">\n\t\t\t\t\t\t<div class=\"elementor-element elementor-element-a9d3eb1 elementor-widget elementor-widget-text-editor\" data-id=\"a9d3eb1\" data-element_type=\"widget\" data-widget_type=\"text-editor.default\">\n\t\t\t\t<div class=\"elementor-widget-container\">\n\t\t\t\t\t\t\t\t\t<p class=\"p1\"><strong>Bitte beachten:<\/strong><\/p>\t\t\t\t\t\t\t\t<\/div>\n\t\t\t\t<\/div>\n\t\t\t\t\t<\/div>\n\t\t<\/div>\n\t\t\t\t\t<\/div>\n\t\t<\/section>\n\t\t\t\t<section class=\"elementor-section elementor-inner-section elementor-element elementor-element-eaae4ee elementor-section-boxed elementor-section-height-default elementor-section-height-default\" data-id=\"eaae4ee\" data-element_type=\"section\">\n\t\t\t\t\t\t<div class=\"elementor-container elementor-column-gap-default\">\n\t\t\t\t\t<div class=\"elementor-column elementor-col-100 elementor-inner-column elementor-element elementor-element-0c31709\" data-id=\"0c31709\" data-element_type=\"column\">\n\t\t\t<div class=\"elementor-widget-wrap elementor-element-populated\">\n\t\t\t\t\t\t<div class=\"elementor-element elementor-element-cf55045 elementor-widget elementor-widget-text-editor\" data-id=\"cf55045\" data-element_type=\"widget\" data-widget_type=\"text-editor.default\">\n\t\t\t\t<div class=\"elementor-widget-container\">\n\t\t\t\t\t\t\t\t\t<p class=\"p1\">- Terminreservierungen durch den Beg\u00fcnstigten sind nur schriftlich direkt \u00fcber die SMS, WhatsApp oder E-Mail und nicht \u00fcber eine Buchungsplattform zu buchen.<\/p><p class=\"p1\">- Geschenkgutscheine werden nicht erstattet und sind nicht \u00fcbertragbar.<\/p><p class=\"p1\">- Die G\u00fcltigkeit des Gutscheins betr\u00e4gt 1 Jahr ab dem Datum des Gutscheins.<\/p>\t\t\t\t\t\t\t\t<\/div>\n\t\t\t\t<\/div>\n\t\t\t\t\t<\/div>\n\t\t<\/div>\n\t\t\t\t\t<\/div>\n\t\t<\/section>\n\t\t\t\t\t<\/div>\n\t\t<\/div>\n\t\t\t\t\t<\/div>\n\t\t<\/section>\n\t\t\t\t<section class=\"elementor-section elementor-top-section elementor-element elementor-element-a5784f1 elementor-section-boxed elementor-section-height-default elementor-section-height-default\" data-id=\"a5784f1\" data-element_type=\"section\">\n\t\t\t\t\t\t<div class=\"elementor-container elementor-column-gap-default\">\n\t\t\t\t\t<div class=\"elementor-column elementor-col-100 elementor-top-column elementor-element elementor-element-15640a4\" data-id=\"15640a4\" data-element_type=\"column\">\n\t\t\t<div class=\"elementor-widget-wrap elementor-element-populated\">\n\t\t\t\t\t\t<section class=\"elementor-section elementor-inner-section elementor-element elementor-element-858b8d1 elementor-section-boxed elementor-section-height-default elementor-section-height-default\" data-id=\"858b8d1\" data-element_type=\"section\">\n\t\t\t\t\t\t<div class=\"elementor-container elementor-column-gap-default\">\n\t\t\t\t\t<div class=\"elementor-column elementor-col-50 elementor-inner-column elementor-element elementor-element-f81c843\" data-id=\"f81c843\" data-element_type=\"column\">\n\t\t\t<div class=\"elementor-widget-wrap elementor-element-populated\">\n\t\t\t\t\t\t<div class=\"elementor-element elementor-element-dd11714 elementor-button-align-center elementor-widget elementor-widget-form\" data-id=\"dd11714\" data-element_type=\"widget\" data-settings=\"{&quot;step_next_label&quot;:&quot;Next&quot;,&quot;step_previous_label&quot;:&quot;Previous&quot;,&quot;button_width&quot;:&quot;100&quot;,&quot;step_type&quot;:&quot;number_text&quot;,&quot;step_icon_shape&quot;:&quot;circle&quot;}\" data-widget_type=\"form.default\">\n\t\t\t\t<div class=\"elementor-widget-container\">\n\t\t\t\t\t\t\t<form class=\"elementor-form\" method=\"post\" name=\"Gift Certificate\" action=\"\">\n\t\t\t<input type=\"hidden\" name=\"post_id\" value=\"32\"\/>\n\t\t\t<input type=\"hidden\" name=\"form_id\" value=\"dd11714\"\/>\n\t\t\t<input type=\"hidden\" name=\"referer_title\" value=\"Alla Soler Aesthetics &amp; Face Sculptor\" \/>\n\n\t\t\t\n\t\t\t<div class=\"elementor-form-fields-wrapper elementor-labels-\">\n\t\t\t\t\t\t\t\t<div class=\"elementor-field-type-text elementor-field-group elementor-column elementor-field-group-name elementor-col-100\">\n\t\t\t\t\t\t\t\t\t\t\t\t<label for=\"form-field-name\" class=\"elementor-field-label elementor-screen-only\">\n\t\t\t\t\t\t\t\tName\t\t\t\t\t\t\t<\/label>\n\t\t\t\t\t\t\t\t\t\t\t\t\t\t<input size=\"1\" type=\"text\" name=\"form_fields[name]\" id=\"form-field-name\" class=\"elementor-field elementor-size-sm  elementor-field-textual\" placeholder=\"Name\">\n\t\t\t\t\t\t\t\t\t\t\t<\/div>\n\t\t\t\t\t\t\t\t<div class=\"elementor-field-type-email elementor-field-group elementor-column elementor-field-group-email elementor-col-100 elementor-field-required\">\n\t\t\t\t\t\t\t\t\t\t\t\t<label for=\"form-field-email\" class=\"elementor-field-label elementor-screen-only\">\n\t\t\t\t\t\t\t\tEmail\t\t\t\t\t\t\t<\/label>\n\t\t\t\t\t\t\t\t\t\t\t\t\t\t<input size=\"1\" type=\"email\" name=\"form_fields[email]\" id=\"form-field-email\" class=\"elementor-field elementor-size-sm  elementor-field-textual\" placeholder=\"Email\" required=\"required\" aria-required=\"true\">\n\t\t\t\t\t\t\t\t\t\t\t<\/div>\n\t\t\t\t\t\t\t\t<div class=\"elementor-field-type-text elementor-field-group elementor-column elementor-field-group-field_891bdf0 elementor-col-100\">\n\t\t\t\t\t\t\t\t\t\t\t\t<label for=\"form-field-field_891bdf0\" class=\"elementor-field-label elementor-screen-only\">\n\t\t\t\t\t\t\t\tVollst\u00e4ndiger Name des Empf\u00e4ngers\t\t\t\t\t\t\t<\/label>\n\t\t\t\t\t\t\t\t\t\t\t\t\t\t<input size=\"1\" type=\"text\" name=\"form_fields[field_891bdf0]\" id=\"form-field-field_891bdf0\" class=\"elementor-field elementor-size-sm  elementor-field-textual\" placeholder=\"Vollst\u00e4ndiger Name des Empf\u00e4ngers\">\n\t\t\t\t\t\t\t\t\t\t\t<\/div>\n\t\t\t\t\t\t\t\t<div class=\"elementor-field-type-text elementor-field-group elementor-column elementor-field-group-field_e32945e elementor-col-100\">\n\t\t\t\t\t\t\t\t\t\t\t\t<label for=\"form-field-field_e32945e\" class=\"elementor-field-label elementor-screen-only\">\n\t\t\t\t\t\t\t\tZertifikatsbetrag\t\t\t\t\t\t\t<\/label>\n\t\t\t\t\t\t\t\t\t\t\t\t\t\t<input size=\"1\" type=\"text\" name=\"form_fields[field_e32945e]\" id=\"form-field-field_e32945e\" class=\"elementor-field elementor-size-sm  elementor-field-textual\" placeholder=\"Zertifikatsbetrag\">\n\t\t\t\t\t\t\t\t\t\t\t<\/div>\n\t\t\t\t\t\t\t\t<div class=\"elementor-field-type-textarea elementor-field-group elementor-column elementor-field-group-message elementor-col-100\">\n\t\t\t\t\t\t\t\t\t\t\t\t<label for=\"form-field-message\" class=\"elementor-field-label elementor-screen-only\">\n\t\t\t\t\t\t\t\tNachricht\t\t\t\t\t\t\t<\/label>\n\t\t\t\t\t\t<textarea class=\"elementor-field-textual elementor-field  elementor-size-sm\" name=\"form_fields[message]\" id=\"form-field-message\" rows=\"4\" placeholder=\"Nachricht\"><\/textarea>\t\t\t\t<\/div>\n\t\t\t\t\t\t\t\t<div class=\"elementor-field-group elementor-column elementor-field-type-submit elementor-col-100 e-form__buttons\">\n\t\t\t\t\t<button type=\"submit\" class=\"elementor-button elementor-size-sm\">\n\t\t\t\t\t\t<span >\n\t\t\t\t\t\t\t\t\t\t\t\t\t\t\t<span class=\"elementor-button-icon\">\n\t\t\t\t\t\t\t\t\t\t\t\t\t\t\t\t\t\t\t\t\t\t\t\t\t\t<\/span>\n\t\t\t\t\t\t\t\t\t\t\t\t\t\t\t\t\t\t\t\t\t\t<span class=\"elementor-button-text\">Schicken<\/span>\n\t\t\t\t\t\t\t\t\t\t\t\t\t<\/span>\n\t\t\t\t\t<\/button>\n\t\t\t\t<\/div>\n\t\t\t<\/div>\n\t\t<input type=\"hidden\" name=\"trp-form-language\" value=\"de\"\/><\/form>\n\t\t\t\t\t\t<\/div>\n\t\t\t\t<\/div>\n\t\t\t\t\t<\/div>\n\t\t<\/div>\n\t\t\t\t<div class=\"elementor-column elementor-col-50 elementor-inner-column elementor-element elementor-element-1232506\" data-id=\"1232506\" data-element_type=\"column\" data-settings=\"{&quot;background_background&quot;:&quot;slideshow&quot;,&quot;background_slideshow_gallery&quot;:[],&quot;background_slideshow_loop&quot;:&quot;yes&quot;,&quot;background_slideshow_slide_duration&quot;:5000,&quot;background_slideshow_slide_transition&quot;:&quot;fade&quot;,&quot;background_slideshow_transition_duration&quot;:500}\">\n\t\t\t<div class=\"elementor-widget-wrap elementor-element-populated\">\n\t\t\t\t\t\t<div class=\"elementor-element elementor-element-c2d333c elementor-widget elementor-widget-video\" data-id=\"c2d333c\" data-element_type=\"widget\" data-settings=\"{&quot;video_type&quot;:&quot;hosted&quot;,&quot;autoplay&quot;:&quot;yes&quot;,&quot;play_on_mobile&quot;:&quot;yes&quot;,&quot;mute&quot;:&quot;yes&quot;}\" data-widget_type=\"video.default\">\n\t\t\t\t<div class=\"elementor-widget-container\">\n\t\t\t\t\t\t\t<div class=\"e-hosted-video elementor-wrapper elementor-open-inline\">\n\t\t\t\t\t<video class=\"elementor-video\" src=\"https:\/\/soler-aesthetic.eu\/wp-content\/uploads\/2024\/07\/gift-sertificate.mp4\" autoplay=\"\" muted=\"muted\" playsinline=\"\" controlslist=\"nodownload\"><\/video>\n\t\t\t\t<\/div>\n\t\t\t\t\t\t<\/div>\n\t\t\t\t<\/div>\n\t\t\t\t\t<\/div>\n\t\t<\/div>\n\t\t\t\t\t<\/div>\n\t\t<\/section>\n\t\t\t\t\t<\/div>\n\t\t<\/div>\n\t\t\t\t\t<\/div>\n\t\t<\/section>\n\t\t\t\t<\/div>","protected":false},"excerpt":{"rendered":"<p>An exclusive, memorable and original gift Give your loved family members, friends or colleagues at work, a trip into a dream.\u00a0 There is always a reason why to give a gift to your dears for unique and diverse facial massages combine, by request, with Cosmetic treatments. You can receive vouchers in an elegant gift envelope [&hellip;]<\/p>","protected":false},"author":1,"featured_media":0,"parent":0,"menu_order":0,"comment_status":"closed","ping_status":"closed","template":"","meta":{"footnotes":""},"class_list":["post-32","page","type-page","status-publish","hentry"],"yoast_head":"<!-- This site is optimized with the Yoast SEO plugin v26.4 - https:\/\/yoast.com\/wordpress\/plugins\/seo\/ -->\n<title>Gift Certificates - Alla Soler Aesthetics &amp; Face Sculptor<\/title>\n<meta name=\"robots\" content=\"index, follow, max-snippet:-1, max-image-preview:large, max-video-preview:-1\" \/>\n<link rel=\"canonical\" href=\"https:\/\/soler-aesthetic.eu\/de\/gift-certificates\/\" \/>\n<meta property=\"og:locale\" content=\"de_DE\" \/>\n<meta property=\"og:type\" content=\"article\" \/>\n<meta property=\"og:title\" content=\"Gift Certificates - Alla Soler Aesthetics &amp; Face Sculptor\" \/>\n<meta property=\"og:description\" content=\"An exclusive, memorable and original gift Give your loved family members, friends or colleagues at work, a trip into a dream.\u00a0 There is always a reason why to give a gift to your dears for unique and diverse facial massages combine, by request, with Cosmetic treatments. You can receive vouchers in an elegant gift envelope [&hellip;]\" \/>\n<meta property=\"og:url\" content=\"https:\/\/soler-aesthetic.eu\/de\/gift-certificates\/\" \/>\n<meta property=\"og:site_name\" content=\"Alla Soler Aesthetics &amp; Face Sculptor\" \/>\n<meta property=\"article:modified_time\" content=\"2024-07-17T13:20:03+00:00\" \/>\n<meta name=\"twitter:card\" content=\"summary_large_image\" \/>\n<meta name=\"twitter:label1\" content=\"Gesch\u00e4tzte Lesezeit\" \/>\n\t<meta name=\"twitter:data1\" content=\"1\u00a0Minute\" \/>\n<script type=\"application\/ld+json\" class=\"yoast-schema-graph\">{\"@context\":\"https:\/\/schema.org\",\"@graph\":[{\"@type\":\"WebPage\",\"@id\":\"https:\/\/soler-aesthetic.eu\/gift-certificates\/\",\"url\":\"https:\/\/soler-aesthetic.eu\/gift-certificates\/\",\"name\":\"Gift Certificates - Alla Soler Aesthetics &amp; Face Sculptor\",\"isPartOf\":{\"@id\":\"https:\/\/soler-aesthetic.eu\/#website\"},\"datePublished\":\"2023-06-20T21:18:00+00:00\",\"dateModified\":\"2024-07-17T13:20:03+00:00\",\"breadcrumb\":{\"@id\":\"https:\/\/soler-aesthetic.eu\/gift-certificates\/#breadcrumb\"},\"inLanguage\":\"de\",\"potentialAction\":[{\"@type\":\"ReadAction\",\"target\":[\"https:\/\/soler-aesthetic.eu\/gift-certificates\/\"]}]},{\"@type\":\"BreadcrumbList\",\"@id\":\"https:\/\/soler-aesthetic.eu\/gift-certificates\/#breadcrumb\",\"itemListElement\":[{\"@type\":\"ListItem\",\"position\":1,\"name\":\"Home\",\"item\":\"https:\/\/soler-aesthetic.eu\/\"},{\"@type\":\"ListItem\",\"position\":2,\"name\":\"Gift Certificates\"}]},{\"@type\":\"WebSite\",\"@id\":\"https:\/\/soler-aesthetic.eu\/#website\",\"url\":\"https:\/\/soler-aesthetic.eu\/\",\"name\":\"Alla Soler Aesthetics &amp; Face Sculptor\",\"description\":\"Tailor-made treatments with high-quality cosmetics, modern treatment methods, special facial massage techniques and high-tech treatments\",\"publisher\":{\"@id\":\"https:\/\/soler-aesthetic.eu\/#organization\"},\"potentialAction\":[{\"@type\":\"SearchAction\",\"target\":{\"@type\":\"EntryPoint\",\"urlTemplate\":\"https:\/\/soler-aesthetic.eu\/?s={search_term_string}\"},\"query-input\":{\"@type\":\"PropertyValueSpecification\",\"valueRequired\":true,\"valueName\":\"search_term_string\"}}],\"inLanguage\":\"de\"},{\"@type\":\"Organization\",\"@id\":\"https:\/\/soler-aesthetic.eu\/#organization\",\"name\":\"Alla Soler Aesthetics &amp; Face Sculptor\",\"url\":\"https:\/\/soler-aesthetic.eu\/\",\"logo\":{\"@type\":\"ImageObject\",\"inLanguage\":\"de\",\"@id\":\"https:\/\/soler-aesthetic.eu\/#\/schema\/logo\/image\/\",\"url\":\"https:\/\/soler-aesthetic.eu\/wp-content\/uploads\/2023\/06\/Group-8.png\",\"contentUrl\":\"https:\/\/soler-aesthetic.eu\/wp-content\/uploads\/2023\/06\/Group-8.png\",\"width\":1020,\"height\":373,\"caption\":\"Alla Soler Aesthetics &amp; Face Sculptor\"},\"image\":{\"@id\":\"https:\/\/soler-aesthetic.eu\/#\/schema\/logo\/image\/\"}}]}<\/script>\n<!-- \/ Yoast SEO plugin. -->","yoast_head_json":{"title":"Gift Certificates - Alla Soler Aesthetics &amp; Face Sculptor","robots":{"index":"index","follow":"follow","max-snippet":"max-snippet:-1","max-image-preview":"max-image-preview:large","max-video-preview":"max-video-preview:-1"},"canonical":"https:\/\/soler-aesthetic.eu\/de\/gift-certificates\/","og_locale":"de_DE","og_type":"article","og_title":"Gift Certificates - Alla Soler Aesthetics &amp; Face Sculptor","og_description":"An exclusive, memorable and original gift Give your loved family members, friends or colleagues at work, a trip into a dream.\u00a0 There is always a reason why to give a gift to your dears for unique and diverse facial massages combine, by request, with Cosmetic treatments. You can receive vouchers in an elegant gift envelope [&hellip;]","og_url":"https:\/\/soler-aesthetic.eu\/de\/gift-certificates\/","og_site_name":"Alla Soler Aesthetics &amp; Face Sculptor","article_modified_time":"2024-07-17T13:20:03+00:00","twitter_card":"summary_large_image","twitter_misc":{"Gesch\u00e4tzte Lesezeit":"1\u00a0Minute"},"schema":{"@context":"https:\/\/schema.org","@graph":[{"@type":"WebPage","@id":"https:\/\/soler-aesthetic.eu\/gift-certificates\/","url":"https:\/\/soler-aesthetic.eu\/gift-certificates\/","name":"Gift Certificates - Alla Soler Aesthetics &amp; Face Sculptor","isPartOf":{"@id":"https:\/\/soler-aesthetic.eu\/#website"},"datePublished":"2023-06-20T21:18:00+00:00","dateModified":"2024-07-17T13:20:03+00:00","breadcrumb":{"@id":"https:\/\/soler-aesthetic.eu\/gift-certificates\/#breadcrumb"},"inLanguage":"de","potentialAction":[{"@type":"ReadAction","target":["https:\/\/soler-aesthetic.eu\/gift-certificates\/"]}]},{"@type":"BreadcrumbList","@id":"https:\/\/soler-aesthetic.eu\/gift-certificates\/#breadcrumb","itemListElement":[{"@type":"ListItem","position":1,"name":"Home","item":"https:\/\/soler-aesthetic.eu\/"},{"@type":"ListItem","position":2,"name":"Gift Certificates"}]},{"@type":"WebSite","@id":"https:\/\/soler-aesthetic.eu\/#website","url":"https:\/\/soler-aesthetic.eu\/","name":"Alla Soler Aesthetics &amp; Face Sculptor","description":"Ma\u00dfgeschneiderte Behandlungen mit hochwertiger Kosmetik, modernen Behandlungsmethoden, speziellen Gesichtsmassagetechniken und High-Tech-Behandlungen","publisher":{"@id":"https:\/\/soler-aesthetic.eu\/#organization"},"potentialAction":[{"@type":"SearchAction","target":{"@type":"EntryPoint","urlTemplate":"https:\/\/soler-aesthetic.eu\/?s={search_term_string}"},"query-input":{"@type":"PropertyValueSpecification","valueRequired":true,"valueName":"search_term_string"}}],"inLanguage":"de"},{"@type":"Organization","@id":"https:\/\/soler-aesthetic.eu\/#organization","name":"Alla Soler Aesthetics &amp; Face Sculptor","url":"https:\/\/soler-aesthetic.eu\/","logo":{"@type":"ImageObject","inLanguage":"de","@id":"https:\/\/soler-aesthetic.eu\/#\/schema\/logo\/image\/","url":"https:\/\/soler-aesthetic.eu\/wp-content\/uploads\/2023\/06\/Group-8.png","contentUrl":"https:\/\/soler-aesthetic.eu\/wp-content\/uploads\/2023\/06\/Group-8.png","width":1020,"height":373,"caption":"Alla Soler Aesthetics &amp; Face Sculptor"},"image":{"@id":"https:\/\/soler-aesthetic.eu\/#\/schema\/logo\/image\/"}}]}},"_links":{"self":[{"href":"https:\/\/soler-aesthetic.eu\/de\/wp-json\/wp\/v2\/pages\/32","targetHints":{"allow":["GET"]}}],"collection":[{"href":"https:\/\/soler-aesthetic.eu\/de\/wp-json\/wp\/v2\/pages"}],"about":[{"href":"https:\/\/soler-aesthetic.eu\/de\/wp-json\/wp\/v2\/types\/page"}],"author":[{"embeddable":true,"href":"https:\/\/soler-aesthetic.eu\/de\/wp-json\/wp\/v2\/users\/1"}],"replies":[{"embeddable":true,"href":"https:\/\/soler-aesthetic.eu\/de\/wp-json\/wp\/v2\/comments?post=32"}],"version-history":[{"count":40,"href":"https:\/\/soler-aesthetic.eu\/de\/wp-json\/wp\/v2\/pages\/32\/revisions"}],"predecessor-version":[{"id":1201,"href":"https:\/\/soler-aesthetic.eu\/de\/wp-json\/wp\/v2\/pages\/32\/revisions\/1201"}],"wp:attachment":[{"href":"https:\/\/soler-aesthetic.eu\/de\/wp-json\/wp\/v2\/media?parent=32"}],"curies":[{"name":"wp","href":"https:\/\/api.w.org\/{rel}","templated":true}]}}