{"id":903,"date":"2024-07-04T11:53:32","date_gmt":"2024-07-04T11:53:32","guid":{"rendered":"https:\/\/soler-aesthetic.eu\/?page_id=903"},"modified":"2024-07-04T11:58:03","modified_gmt":"2024-07-04T11:58:03","slug":"impressum","status":"publish","type":"page","link":"https:\/\/soler-aesthetic.eu\/de\/impressum\/","title":{"rendered":"Impressum"},"content":{"rendered":"<div data-elementor-type=\"wp-page\" data-elementor-id=\"903\" class=\"elementor elementor-903\" data-elementor-post-type=\"page\">\n\t\t\t\t\t\t<section class=\"elementor-section elementor-top-section elementor-element elementor-element-129def1 elementor-section-boxed elementor-section-height-default elementor-section-height-default\" data-id=\"129def1\" data-element_type=\"section\">\n\t\t\t\t\t\t<div class=\"elementor-container elementor-column-gap-default\">\n\t\t\t\t\t<div class=\"elementor-column elementor-col-100 elementor-top-column elementor-element elementor-element-7770c443\" data-id=\"7770c443\" data-element_type=\"column\">\n\t\t\t<div class=\"elementor-widget-wrap elementor-element-populated\">\n\t\t\t\t\t\t<div class=\"elementor-element elementor-element-8cb51d1 elementor-widget elementor-widget-heading\" data-id=\"8cb51d1\" data-element_type=\"widget\" data-widget_type=\"heading.default\">\n\t\t\t\t<div class=\"elementor-widget-container\">\n\t\t\t\t\t<h2 class=\"elementor-heading-title elementor-size-default\">Impressum<\/h2>\t\t\t\t<\/div>\n\t\t\t\t<\/div>\n\t\t\t\t<div class=\"elementor-element elementor-element-15679cc4 elementor-widget elementor-widget-text-editor\" data-id=\"15679cc4\" data-element_type=\"widget\" data-widget_type=\"text-editor.default\">\n\t\t\t\t<div class=\"elementor-widget-container\">\n\t\t\t\t\t\t\t\t\t<p><strong>Angaben gem\u00e4\u00df \u00a7 5 TMG<\/strong><\/p><p><em>Alla Soler<\/em><\/p><p><em>Alla Soler \u00c4sthetik &amp; Face Sculptor<\/em><br \/><em>Haager Weg 95 &#8211; 53127 Bonn \u2013 Germany<\/em><br \/><em>+49 176 41440933<\/em><br \/><em>allasoler@psoler.eu<\/em><\/p><p><strong>\u200dUmsatzsteuer-Identifikationsnummer (USt-IdNr.): <span class=\"OYPEnA text-decoration-none text-strikethrough-none\">DE298715235<\/span><\/strong><\/p><p class=\"mb-40px\">Streitschlichtung \u2013 Wir sind nicht bereit oder verpflichtet, an Streitbeilegungsverfahren vor einer Verbraucherschlichtungsstelle teilzunehmen.<\/p>\t\t\t\t\t\t\t\t<\/div>\n\t\t\t\t<\/div>\n\t\t\t\t\t<\/div>\n\t\t<\/div>\n\t\t\t\t\t<\/div>\n\t\t<\/section>\n\t\t\t\t<section class=\"elementor-section elementor-top-section elementor-element elementor-element-9b216ea elementor-section-boxed elementor-section-height-default elementor-section-height-default\" data-id=\"9b216ea\" data-element_type=\"section\">\n\t\t\t\t\t\t<div class=\"elementor-container elementor-column-gap-default\">\n\t\t\t\t\t<div class=\"elementor-column elementor-col-100 elementor-top-column elementor-element elementor-element-b1a31ca\" data-id=\"b1a31ca\" data-element_type=\"column\">\n\t\t\t<div class=\"elementor-widget-wrap elementor-element-populated\">\n\t\t\t\t\t\t<div class=\"elementor-element elementor-element-9c5e715 elementor-widget elementor-widget-heading\" data-id=\"9c5e715\" data-element_type=\"widget\" data-widget_type=\"heading.default\">\n\t\t\t\t<div class=\"elementor-widget-container\">\n\t\t\t\t\t<h2 class=\"elementor-heading-title elementor-size-default\">Haftungsausschluss (Disclaimer)\n<\/h2>\t\t\t\t<\/div>\n\t\t\t\t<\/div>\n\t\t\t\t\t<\/div>\n\t\t<\/div>\n\t\t\t\t\t<\/div>\n\t\t<\/section>\n\t\t\t\t<section class=\"elementor-section elementor-top-section elementor-element elementor-element-ac0c4dd elementor-section-boxed elementor-section-height-default elementor-section-height-default\" data-id=\"ac0c4dd\" data-element_type=\"section\">\n\t\t\t\t\t\t<div class=\"elementor-container elementor-column-gap-default\">\n\t\t\t\t\t<div class=\"elementor-column elementor-col-100 elementor-top-column elementor-element elementor-element-fc11ad5\" data-id=\"fc11ad5\" data-element_type=\"column\">\n\t\t\t<div class=\"elementor-widget-wrap elementor-element-populated\">\n\t\t\t\t\t\t<div class=\"elementor-element elementor-element-b0c8109 elementor-widget elementor-widget-text-editor\" data-id=\"b0c8109\" data-element_type=\"widget\" data-widget_type=\"text-editor.default\">\n\t\t\t\t<div class=\"elementor-widget-container\">\n\t\t\t\t\t\t\t\t\t<p>Haftung f\u00fcr Inhalte Als Diensteanbieter sind wir gem\u00e4\u00df \u00a7 7 Abs.1 TMG f\u00fcr eigene Inhalte auf diesen Seiten nach den allgemeinen Gesetzen verantwortlich. Nach \u00a7\u00a7 8 bis 10 TMG sind wir als Diensteanbieter jedoch nicht verpflichtet, \u00fcbermittelte oder gespeicherte fremde Informationen zu \u00fcberwachen oder nach Umst\u00e4nden zu forschen, die auf eine rechtswidrige T\u00e4tigkeit hinweisen. Verpflichtungen zur Entfernung oder Sperrung der Nutzung von Informationen nach den allgemeinen Gesetzen bleiben hiervon unber\u00fchrt. Eine diesbez\u00fcgliche Haftung ist jedoch erst ab dem Zeitpunkt der Kenntnis einer konkreten Rechtsverletzung m\u00f6glich. Bei Bekanntwerden von entsprechenden Rechtsverletzungen werden wir diese Inhalte umgehend entfernen.<\/p><p>Haftung f\u00fcr Inhalte \u2013 Als Diensteanbieter sind wir gem\u00e4\u00df \u00a7 7 Abs.1 TMG f\u00fcr eigene Inhalte auf diesen Seiten nach den allgemeinen Gesetzen verantwortlich. Nach \u00a7\u00a7 8 bis 10 TMG sind wir als Diensteanbieter jedoch nicht verpflichtet, \u00fcbermittelte oder gespeicherte fremde Informationen zu \u00fcberwachen oder nach Umst\u00e4nden zu forschen, die auf eine rechtswidrige T\u00e4tigkeit hinweisen.Verpflichtungen zur Entfernung oder Sperrung der Nutzung von Informationen nach den allgemeinen Gesetzen bleiben hiervon unber\u00fchrt. Eine diesbez\u00fcgliche Haftung ist jedoch erst ab dem Zeitpunkt der Kenntnis einer konkreten Rechtsverletzung m\u00f6glich. Bei Bekanntwerden von entsprechenden Rechtsverletzungen werden wir diese Inhalte umgehend entfernen.<\/p><p>Haftung f\u00fcr Links \u2013 Unser Angebot enth\u00e4lt Links zu externen Websites Dritter, auf deren Inhalte wir keinen Einfluss haben. Deshalb k\u00f6nnen wir f\u00fcr diese fremden Inhalte auch keine Gew\u00e4hr \u00fcbernehmen. F\u00fcr die Inhalte der verlinkten Seiten ist stets der jeweilige Anbieter oder Betreiber der Seiten verantwortlich. Die verlinkten Seiten wurden zum Zeitpunkt der Verlinkung auf m\u00f6gliche Rechtsverst\u00f6\u00dfe \u00fcberpr\u00fcft. Rechtswidrige Inhalte waren zum Zeitpunkt der Verlinkung nicht erkennbar.Eine permanente inhaltliche Kontrolle der verlinkten Seiten ist jedoch ohne konkrete Anhaltspunkte einer Rechtsverletzung nicht zumutbar. Bei Bekanntwerden von Rechtsverletzungen werden wir derartige Links umgehend entfernen.<\/p><p>Urheberrecht \u2013 Die durch die Seitenbetreiber erstellten Inhalte und Werke auf diesen Seiten unterliegen dem deutschen Urheberrecht. Die Vervielf\u00e4ltigung, Bearbeitung, Verbreitung und jede Art der Verwertung au\u00dferhalb der Grenzen des Urheberrechtes bed\u00fcrfen der schriftlichen Zustimmung des jeweiligen Autors bzw. Erstellers. Downloads und Kopien dieser Seite sind nur f\u00fcr den privaten, nicht kommerziellen Gebrauch gestattet.Soweit die Inhalte auf dieser Seite nicht vom Betreiber erstellt wurden, werden die Urheberrechte Dritter beachtet. Insbesondere werden Inhalte Dritter als solche gekennzeichnet. Sollten Sie trotzdem auf eine Urheberrechtsverletzung aufmerksam werden, bitten wir um einen entsprechenden Hinweis. Bei Bekanntwerden von Rechtsverletzungen werden wir derartige Inhalte umgehend entfernen.<\/p>\t\t\t\t\t\t\t\t<\/div>\n\t\t\t\t<\/div>\n\t\t\t\t\t<\/div>\n\t\t<\/div>\n\t\t\t\t\t<\/div>\n\t\t<\/section>\n\t\t\t\t<\/div>","protected":false},"excerpt":{"rendered":"<p>Impressum Angaben gem\u00e4\u00df \u00a7 5 TMG Alla Soler Alla Soler \u00c4sthetik &amp; Face SculptorHaager Weg 95 &#8211; 53127 Bonn \u2013 Germany+49 176 41440933allasoler@psoler.eu \u200dUmsatzsteuer-Identifikationsnummer (USt-IdNr.): DE298715235 Streitschlichtung \u2013 Wir sind nicht bereit oder verpflichtet, an Streitbeilegungsverfahren vor einer Verbraucherschlichtungsstelle teilzunehmen. Haftungsausschluss (Disclaimer) Haftung f\u00fcr Inhalte Als Diensteanbieter sind wir gem\u00e4\u00df \u00a7 7 Abs.1 TMG f\u00fcr [&hellip;]<\/p>","protected":false},"author":1,"featured_media":0,"parent":0,"menu_order":0,"comment_status":"closed","ping_status":"closed","template":"","meta":{"footnotes":""},"class_list":["post-903","page","type-page","status-publish","hentry"],"yoast_head":"<!-- This site is optimized with the Yoast SEO plugin v26.4 - https:\/\/yoast.com\/wordpress\/plugins\/seo\/ -->\n<title>Impressum - Alla Soler Aesthetics &amp; Face Sculptor<\/title>\n<meta name=\"robots\" content=\"index, follow, max-snippet:-1, max-image-preview:large, max-video-preview:-1\" \/>\n<link rel=\"canonical\" href=\"https:\/\/soler-aesthetic.eu\/de\/impressum\/\" \/>\n<meta property=\"og:locale\" content=\"de_DE\" \/>\n<meta property=\"og:type\" content=\"article\" \/>\n<meta property=\"og:title\" content=\"Impressum - Alla Soler Aesthetics &amp; Face Sculptor\" \/>\n<meta property=\"og:description\" content=\"Impressum Angaben gem\u00e4\u00df \u00a7 5 TMG Alla Soler Alla Soler \u00c4sthetik &amp; Face SculptorHaager Weg 95 &#8211; 53127 Bonn \u2013 Germany+49 176 41440933allasoler@psoler.eu \u200dUmsatzsteuer-Identifikationsnummer (USt-IdNr.): DE298715235 Streitschlichtung \u2013 Wir sind nicht bereit oder verpflichtet, an Streitbeilegungsverfahren vor einer Verbraucherschlichtungsstelle teilzunehmen. Haftungsausschluss (Disclaimer) Haftung f\u00fcr Inhalte Als Diensteanbieter sind wir gem\u00e4\u00df \u00a7 7 Abs.1 TMG f\u00fcr [&hellip;]\" \/>\n<meta property=\"og:url\" content=\"https:\/\/soler-aesthetic.eu\/de\/impressum\/\" \/>\n<meta property=\"og:site_name\" content=\"Alla Soler Aesthetics &amp; Face Sculptor\" \/>\n<meta property=\"article:modified_time\" content=\"2024-07-04T11:58:03+00:00\" \/>\n<meta name=\"twitter:card\" content=\"summary_large_image\" \/>\n<meta name=\"twitter:label1\" content=\"Gesch\u00e4tzte Lesezeit\" \/>\n\t<meta name=\"twitter:data1\" content=\"2\u00a0Minuten\" \/>\n<script type=\"application\/ld+json\" class=\"yoast-schema-graph\">{\"@context\":\"https:\/\/schema.org\",\"@graph\":[{\"@type\":\"WebPage\",\"@id\":\"https:\/\/soler-aesthetic.eu\/impressum\/\",\"url\":\"https:\/\/soler-aesthetic.eu\/impressum\/\",\"name\":\"Impressum - Alla Soler Aesthetics &amp; Face Sculptor\",\"isPartOf\":{\"@id\":\"https:\/\/soler-aesthetic.eu\/#website\"},\"datePublished\":\"2024-07-04T11:53:32+00:00\",\"dateModified\":\"2024-07-04T11:58:03+00:00\",\"breadcrumb\":{\"@id\":\"https:\/\/soler-aesthetic.eu\/impressum\/#breadcrumb\"},\"inLanguage\":\"de\",\"potentialAction\":[{\"@type\":\"ReadAction\",\"target\":[\"https:\/\/soler-aesthetic.eu\/impressum\/\"]}]},{\"@type\":\"BreadcrumbList\",\"@id\":\"https:\/\/soler-aesthetic.eu\/impressum\/#breadcrumb\",\"itemListElement\":[{\"@type\":\"ListItem\",\"position\":1,\"name\":\"Home\",\"item\":\"https:\/\/soler-aesthetic.eu\/\"},{\"@type\":\"ListItem\",\"position\":2,\"name\":\"Impressum\"}]},{\"@type\":\"WebSite\",\"@id\":\"https:\/\/soler-aesthetic.eu\/#website\",\"url\":\"https:\/\/soler-aesthetic.eu\/\",\"name\":\"Alla Soler Aesthetics &amp; Face Sculptor\",\"description\":\"Tailor-made treatments with high-quality cosmetics, modern treatment methods, special facial massage techniques and high-tech treatments\",\"publisher\":{\"@id\":\"https:\/\/soler-aesthetic.eu\/#organization\"},\"potentialAction\":[{\"@type\":\"SearchAction\",\"target\":{\"@type\":\"EntryPoint\",\"urlTemplate\":\"https:\/\/soler-aesthetic.eu\/?s={search_term_string}\"},\"query-input\":{\"@type\":\"PropertyValueSpecification\",\"valueRequired\":true,\"valueName\":\"search_term_string\"}}],\"inLanguage\":\"de\"},{\"@type\":\"Organization\",\"@id\":\"https:\/\/soler-aesthetic.eu\/#organization\",\"name\":\"Alla Soler Aesthetics &amp; Face Sculptor\",\"url\":\"https:\/\/soler-aesthetic.eu\/\",\"logo\":{\"@type\":\"ImageObject\",\"inLanguage\":\"de\",\"@id\":\"https:\/\/soler-aesthetic.eu\/#\/schema\/logo\/image\/\",\"url\":\"https:\/\/soler-aesthetic.eu\/wp-content\/uploads\/2023\/06\/Group-8.png\",\"contentUrl\":\"https:\/\/soler-aesthetic.eu\/wp-content\/uploads\/2023\/06\/Group-8.png\",\"width\":1020,\"height\":373,\"caption\":\"Alla Soler Aesthetics &amp; Face Sculptor\"},\"image\":{\"@id\":\"https:\/\/soler-aesthetic.eu\/#\/schema\/logo\/image\/\"}}]}<\/script>\n<!-- \/ Yoast SEO plugin. -->","yoast_head_json":{"title":"Impressum - Alla Soler Aesthetics &amp; Face Sculptor","robots":{"index":"index","follow":"follow","max-snippet":"max-snippet:-1","max-image-preview":"max-image-preview:large","max-video-preview":"max-video-preview:-1"},"canonical":"https:\/\/soler-aesthetic.eu\/de\/impressum\/","og_locale":"de_DE","og_type":"article","og_title":"Impressum - Alla Soler Aesthetics &amp; Face Sculptor","og_description":"Impressum Angaben gem\u00e4\u00df \u00a7 5 TMG Alla Soler Alla Soler \u00c4sthetik &amp; Face SculptorHaager Weg 95 &#8211; 53127 Bonn \u2013 Germany+49 176 41440933allasoler@psoler.eu \u200dUmsatzsteuer-Identifikationsnummer (USt-IdNr.): DE298715235 Streitschlichtung \u2013 Wir sind nicht bereit oder verpflichtet, an Streitbeilegungsverfahren vor einer Verbraucherschlichtungsstelle teilzunehmen. Haftungsausschluss (Disclaimer) Haftung f\u00fcr Inhalte Als Diensteanbieter sind wir gem\u00e4\u00df \u00a7 7 Abs.1 TMG f\u00fcr [&hellip;]","og_url":"https:\/\/soler-aesthetic.eu\/de\/impressum\/","og_site_name":"Alla Soler Aesthetics &amp; Face Sculptor","article_modified_time":"2024-07-04T11:58:03+00:00","twitter_card":"summary_large_image","twitter_misc":{"Gesch\u00e4tzte Lesezeit":"2\u00a0Minuten"},"schema":{"@context":"https:\/\/schema.org","@graph":[{"@type":"WebPage","@id":"https:\/\/soler-aesthetic.eu\/impressum\/","url":"https:\/\/soler-aesthetic.eu\/impressum\/","name":"Impressum - Alla Soler Aesthetics &amp; Face Sculptor","isPartOf":{"@id":"https:\/\/soler-aesthetic.eu\/#website"},"datePublished":"2024-07-04T11:53:32+00:00","dateModified":"2024-07-04T11:58:03+00:00","breadcrumb":{"@id":"https:\/\/soler-aesthetic.eu\/impressum\/#breadcrumb"},"inLanguage":"de","potentialAction":[{"@type":"ReadAction","target":["https:\/\/soler-aesthetic.eu\/impressum\/"]}]},{"@type":"BreadcrumbList","@id":"https:\/\/soler-aesthetic.eu\/impressum\/#breadcrumb","itemListElement":[{"@type":"ListItem","position":1,"name":"Home","item":"https:\/\/soler-aesthetic.eu\/"},{"@type":"ListItem","position":2,"name":"Impressum"}]},{"@type":"WebSite","@id":"https:\/\/soler-aesthetic.eu\/#website","url":"https:\/\/soler-aesthetic.eu\/","name":"Alla Soler Aesthetics &amp; Face Sculptor","description":"Ma\u00dfgeschneiderte Behandlungen mit hochwertiger Kosmetik, modernen Behandlungsmethoden, speziellen Gesichtsmassagetechniken und High-Tech-Behandlungen","publisher":{"@id":"https:\/\/soler-aesthetic.eu\/#organization"},"potentialAction":[{"@type":"SearchAction","target":{"@type":"EntryPoint","urlTemplate":"https:\/\/soler-aesthetic.eu\/?s={search_term_string}"},"query-input":{"@type":"PropertyValueSpecification","valueRequired":true,"valueName":"search_term_string"}}],"inLanguage":"de"},{"@type":"Organization","@id":"https:\/\/soler-aesthetic.eu\/#organization","name":"Alla Soler Aesthetics &amp; Face Sculptor","url":"https:\/\/soler-aesthetic.eu\/","logo":{"@type":"ImageObject","inLanguage":"de","@id":"https:\/\/soler-aesthetic.eu\/#\/schema\/logo\/image\/","url":"https:\/\/soler-aesthetic.eu\/wp-content\/uploads\/2023\/06\/Group-8.png","contentUrl":"https:\/\/soler-aesthetic.eu\/wp-content\/uploads\/2023\/06\/Group-8.png","width":1020,"height":373,"caption":"Alla Soler Aesthetics &amp; Face Sculptor"},"image":{"@id":"https:\/\/soler-aesthetic.eu\/#\/schema\/logo\/image\/"}}]}},"_links":{"self":[{"href":"https:\/\/soler-aesthetic.eu\/de\/wp-json\/wp\/v2\/pages\/903","targetHints":{"allow":["GET"]}}],"collection":[{"href":"https:\/\/soler-aesthetic.eu\/de\/wp-json\/wp\/v2\/pages"}],"about":[{"href":"https:\/\/soler-aesthetic.eu\/de\/wp-json\/wp\/v2\/types\/page"}],"author":[{"embeddable":true,"href":"https:\/\/soler-aesthetic.eu\/de\/wp-json\/wp\/v2\/users\/1"}],"replies":[{"embeddable":true,"href":"https:\/\/soler-aesthetic.eu\/de\/wp-json\/wp\/v2\/comments?post=903"}],"version-history":[{"count":4,"href":"https:\/\/soler-aesthetic.eu\/de\/wp-json\/wp\/v2\/pages\/903\/revisions"}],"predecessor-version":[{"id":908,"href":"https:\/\/soler-aesthetic.eu\/de\/wp-json\/wp\/v2\/pages\/903\/revisions\/908"}],"wp:attachment":[{"href":"https:\/\/soler-aesthetic.eu\/de\/wp-json\/wp\/v2\/media?parent=903"}],"curies":[{"name":"wp","href":"https:\/\/api.w.org\/{rel}","templated":true}]}}